{"id":61,"date":"2024-03-15T17:09:29","date_gmt":"2024-03-15T16:09:29","guid":{"rendered":"https:\/\/pesmaintenance.fr\/?page_id=61"},"modified":"2024-03-15T17:12:48","modified_gmt":"2024-03-15T16:12:48","slug":"plaquette","status":"publish","type":"page","link":"https:\/\/pesmaintenance.fr\/index.php\/plaquette\/","title":{"rendered":"Plaquette PES"},"content":{"rendered":"\t\t<div data-elementor-type=\"wp-page\" data-elementor-id=\"61\" class=\"elementor elementor-61\" data-elementor-post-type=\"page\">\n\t\t\t\t<div class=\"elementor-element elementor-element-10d4314 e-flex e-con-boxed e-con e-parent\" data-id=\"10d4314\" data-element_type=\"container\" data-core-v316-plus=\"true\">\n\t\t\t\t\t<div class=\"e-con-inner\">\n\t\t\t\t<div class=\"elementor-element elementor-element-e2d2a82 elementor-widget elementor-widget-image\" data-id=\"e2d2a82\" data-element_type=\"widget\" data-widget_type=\"image.default\">\n\t\t\t\t<div class=\"elementor-widget-container\">\n\t\t\t<style>\/*! elementor - v3.20.0 - 13-03-2024 *\/\n.elementor-widget-image{text-align:center}.elementor-widget-image a{display:inline-block}.elementor-widget-image a img[src$=\".svg\"]{width:48px}.elementor-widget-image img{vertical-align:middle;display:inline-block}<\/style>\t\t\t\t\t\t\t\t\t\t<img fetchpriority=\"high\" decoding=\"async\" width=\"725\" height=\"1024\" src=\"https:\/\/pesmaintenance.fr\/wp-content\/uploads\/2024\/03\/1-725x1024.jpg\" class=\"attachment-large size-large wp-image-65\" alt=\"\" srcset=\"https:\/\/pesmaintenance.fr\/wp-content\/uploads\/2024\/03\/1-725x1024.jpg 725w, https:\/\/pesmaintenance.fr\/wp-content\/uploads\/2024\/03\/1-212x300.jpg 212w, https:\/\/pesmaintenance.fr\/wp-content\/uploads\/2024\/03\/1-768x1085.jpg 768w, https:\/\/pesmaintenance.fr\/wp-content\/uploads\/2024\/03\/1-1087x1536.jpg 1087w, https:\/\/pesmaintenance.fr\/wp-content\/uploads\/2024\/03\/1.jpg 1166w\" sizes=\"(max-width: 725px) 100vw, 725px\" \/>\t\t\t\t\t\t\t\t\t\t\t\t\t<\/div>\n\t\t\t\t<\/div>\n\t\t\t\t\t<\/div>\n\t\t\t\t<\/div>\n\t\t<div class=\"elementor-element elementor-element-e123555 e-flex e-con-boxed e-con e-parent\" data-id=\"e123555\" data-element_type=\"container\" data-core-v316-plus=\"true\">\n\t\t\t\t\t<div class=\"e-con-inner\">\n\t\t\t\t<div class=\"elementor-element elementor-element-69b7375 elementor-widget elementor-widget-image\" data-id=\"69b7375\" data-element_type=\"widget\" data-widget_type=\"image.default\">\n\t\t\t\t<div class=\"elementor-widget-container\">\n\t\t\t\t\t\t\t\t\t\t\t\t\t<img decoding=\"async\" width=\"716\" height=\"1024\" src=\"https:\/\/pesmaintenance.fr\/wp-content\/uploads\/2024\/03\/2-1-716x1024.jpg\" class=\"attachment-large size-large wp-image-67\" alt=\"\" srcset=\"https:\/\/pesmaintenance.fr\/wp-content\/uploads\/2024\/03\/2-1-716x1024.jpg 716w, https:\/\/pesmaintenance.fr\/wp-content\/uploads\/2024\/03\/2-1-210x300.jpg 210w, https:\/\/pesmaintenance.fr\/wp-content\/uploads\/2024\/03\/2-1-768x1098.jpg 768w, https:\/\/pesmaintenance.fr\/wp-content\/uploads\/2024\/03\/2-1-1074x1536.jpg 1074w, https:\/\/pesmaintenance.fr\/wp-content\/uploads\/2024\/03\/2-1.jpg 1118w\" sizes=\"(max-width: 716px) 100vw, 716px\" \/>\t\t\t\t\t\t\t\t\t\t\t\t\t<\/div>\n\t\t\t\t<\/div>\n\t\t\t\t\t<\/div>\n\t\t\t\t<\/div>\n\t\t<div class=\"elementor-element elementor-element-80c380a e-flex e-con-boxed e-con e-parent\" data-id=\"80c380a\" data-element_type=\"container\" data-core-v316-plus=\"true\">\n\t\t\t\t\t<div class=\"e-con-inner\">\n\t\t\t\t<div class=\"elementor-element elementor-element-7b96c37 elementor-widget elementor-widget-image\" data-id=\"7b96c37\" data-element_type=\"widget\" data-widget_type=\"image.default\">\n\t\t\t\t<div class=\"elementor-widget-container\">\n\t\t\t\t\t\t\t\t\t\t\t\t\t<img decoding=\"async\" width=\"752\" height=\"1024\" src=\"https:\/\/pesmaintenance.fr\/wp-content\/uploads\/2024\/03\/3-752x1024.jpg\" class=\"attachment-large size-large wp-image-63\" alt=\"\" srcset=\"https:\/\/pesmaintenance.fr\/wp-content\/uploads\/2024\/03\/3-752x1024.jpg 752w, https:\/\/pesmaintenance.fr\/wp-content\/uploads\/2024\/03\/3-220x300.jpg 220w, https:\/\/pesmaintenance.fr\/wp-content\/uploads\/2024\/03\/3-768x1046.jpg 768w, https:\/\/pesmaintenance.fr\/wp-content\/uploads\/2024\/03\/3-1128x1536.jpg 1128w, https:\/\/pesmaintenance.fr\/wp-content\/uploads\/2024\/03\/3.jpg 1165w\" sizes=\"(max-width: 752px) 100vw, 752px\" \/>\t\t\t\t\t\t\t\t\t\t\t\t\t<\/div>\n\t\t\t\t<\/div>\n\t\t\t\t\t<\/div>\n\t\t\t\t<\/div>\n\t\t<div class=\"elementor-element elementor-element-c727159 e-flex e-con-boxed e-con e-parent\" data-id=\"c727159\" data-element_type=\"container\" data-core-v316-plus=\"true\">\n\t\t\t\t\t<div class=\"e-con-inner\">\n\t\t\t\t<div class=\"elementor-element elementor-element-73f1993 elementor-widget elementor-widget-image\" data-id=\"73f1993\" data-element_type=\"widget\" data-widget_type=\"image.default\">\n\t\t\t\t<div class=\"elementor-widget-container\">\n\t\t\t\t\t\t\t\t\t\t\t\t\t<img loading=\"lazy\" decoding=\"async\" width=\"726\" height=\"1024\" src=\"https:\/\/pesmaintenance.fr\/wp-content\/uploads\/2024\/03\/4-1-726x1024.jpg\" class=\"attachment-large size-large wp-image-68\" alt=\"\" srcset=\"https:\/\/pesmaintenance.fr\/wp-content\/uploads\/2024\/03\/4-1-726x1024.jpg 726w, https:\/\/pesmaintenance.fr\/wp-content\/uploads\/2024\/03\/4-1-213x300.jpg 213w, https:\/\/pesmaintenance.fr\/wp-content\/uploads\/2024\/03\/4-1-768x1084.jpg 768w, https:\/\/pesmaintenance.fr\/wp-content\/uploads\/2024\/03\/4-1-1088x1536.jpg 1088w, https:\/\/pesmaintenance.fr\/wp-content\/uploads\/2024\/03\/4-1.jpg 1167w\" sizes=\"(max-width: 726px) 100vw, 726px\" \/>\t\t\t\t\t\t\t\t\t\t\t\t\t<\/div>\n\t\t\t\t<\/div>\n\t\t\t\t\t<\/div>\n\t\t\t\t<\/div>\n\t\t\t\t<\/div>\n\t\t","protected":false},"excerpt":{"rendered":"","protected":false},"author":1,"featured_media":0,"parent":0,"menu_order":0,"comment_status":"closed","ping_status":"closed","template":"elementor_canvas","meta":{"footnotes":""},"class_list":["post-61","page","type-page","status-publish","hentry"],"yoast_head":"<!-- This site is optimized with the Yoast SEO plugin v22.2 - https:\/\/yoast.com\/wordpress\/plugins\/seo\/ -->\n<title>Plaquette PES - PES MAINTENANCE<\/title>\n<meta name=\"robots\" content=\"index, follow, max-snippet:-1, max-image-preview:large, max-video-preview:-1\" \/>\n<link rel=\"canonical\" href=\"https:\/\/pesmaintenance.fr\/index.php\/plaquette\/\" \/>\n<meta property=\"og:locale\" content=\"fr_FR\" \/>\n<meta property=\"og:type\" content=\"article\" \/>\n<meta property=\"og:title\" content=\"Plaquette PES - PES MAINTENANCE\" \/>\n<meta property=\"og:url\" content=\"https:\/\/pesmaintenance.fr\/index.php\/plaquette\/\" \/>\n<meta property=\"og:site_name\" content=\"PES MAINTENANCE\" \/>\n<meta property=\"article:modified_time\" content=\"2024-03-15T16:12:48+00:00\" \/>\n<meta property=\"og:image\" content=\"https:\/\/pesmaintenance.fr\/wp-content\/uploads\/2024\/03\/1-725x1024.jpg\" \/>\n<meta name=\"twitter:card\" content=\"summary_large_image\" \/>\n<meta name=\"twitter:label1\" content=\"Dur\u00e9e de lecture estim\u00e9e\" \/>\n\t<meta name=\"twitter:data1\" content=\"1 minute\" \/>\n<script type=\"application\/ld+json\" class=\"yoast-schema-graph\">{\"@context\":\"https:\/\/schema.org\",\"@graph\":[{\"@type\":\"WebPage\",\"@id\":\"https:\/\/pesmaintenance.fr\/index.php\/plaquette\/\",\"url\":\"https:\/\/pesmaintenance.fr\/index.php\/plaquette\/\",\"name\":\"Plaquette PES - PES MAINTENANCE\",\"isPartOf\":{\"@id\":\"https:\/\/pesmaintenance.fr\/#website\"},\"primaryImageOfPage\":{\"@id\":\"https:\/\/pesmaintenance.fr\/index.php\/plaquette\/#primaryimage\"},\"image\":{\"@id\":\"https:\/\/pesmaintenance.fr\/index.php\/plaquette\/#primaryimage\"},\"thumbnailUrl\":\"https:\/\/pesmaintenance.fr\/wp-content\/uploads\/2024\/03\/1-725x1024.jpg\",\"datePublished\":\"2024-03-15T16:09:29+00:00\",\"dateModified\":\"2024-03-15T16:12:48+00:00\",\"breadcrumb\":{\"@id\":\"https:\/\/pesmaintenance.fr\/index.php\/plaquette\/#breadcrumb\"},\"inLanguage\":\"fr-FR\",\"potentialAction\":[{\"@type\":\"ReadAction\",\"target\":[\"https:\/\/pesmaintenance.fr\/index.php\/plaquette\/\"]}]},{\"@type\":\"ImageObject\",\"inLanguage\":\"fr-FR\",\"@id\":\"https:\/\/pesmaintenance.fr\/index.php\/plaquette\/#primaryimage\",\"url\":\"https:\/\/pesmaintenance.fr\/wp-content\/uploads\/2024\/03\/1.jpg\",\"contentUrl\":\"https:\/\/pesmaintenance.fr\/wp-content\/uploads\/2024\/03\/1.jpg\",\"width\":1166,\"height\":1647},{\"@type\":\"BreadcrumbList\",\"@id\":\"https:\/\/pesmaintenance.fr\/index.php\/plaquette\/#breadcrumb\",\"itemListElement\":[{\"@type\":\"ListItem\",\"position\":1,\"name\":\"Accueil\",\"item\":\"https:\/\/pesmaintenance.fr\/\"},{\"@type\":\"ListItem\",\"position\":2,\"name\":\"Plaquette PES\"}]},{\"@type\":\"WebSite\",\"@id\":\"https:\/\/pesmaintenance.fr\/#website\",\"url\":\"https:\/\/pesmaintenance.fr\/\",\"name\":\"PES MAINTENANCE\",\"description\":\"Sp\u00e9cialiste dans la maintenance immobili\u00e8re, solutions d\u00e8s 30\u20ac par mois, d\u00e9ductibles de vos revenus locatifs\",\"potentialAction\":[{\"@type\":\"SearchAction\",\"target\":{\"@type\":\"EntryPoint\",\"urlTemplate\":\"https:\/\/pesmaintenance.fr\/?s={search_term_string}\"},\"query-input\":\"required name=search_term_string\"}],\"inLanguage\":\"fr-FR\"}]}<\/script>\n<!-- \/ Yoast SEO plugin. -->","yoast_head_json":{"title":"Plaquette PES - PES MAINTENANCE","robots":{"index":"index","follow":"follow","max-snippet":"max-snippet:-1","max-image-preview":"max-image-preview:large","max-video-preview":"max-video-preview:-1"},"canonical":"https:\/\/pesmaintenance.fr\/index.php\/plaquette\/","og_locale":"fr_FR","og_type":"article","og_title":"Plaquette PES - PES MAINTENANCE","og_url":"https:\/\/pesmaintenance.fr\/index.php\/plaquette\/","og_site_name":"PES MAINTENANCE","article_modified_time":"2024-03-15T16:12:48+00:00","og_image":[{"url":"https:\/\/pesmaintenance.fr\/wp-content\/uploads\/2024\/03\/1-725x1024.jpg"}],"twitter_card":"summary_large_image","twitter_misc":{"Dur\u00e9e de lecture estim\u00e9e":"1 minute"},"schema":{"@context":"https:\/\/schema.org","@graph":[{"@type":"WebPage","@id":"https:\/\/pesmaintenance.fr\/index.php\/plaquette\/","url":"https:\/\/pesmaintenance.fr\/index.php\/plaquette\/","name":"Plaquette PES - PES MAINTENANCE","isPartOf":{"@id":"https:\/\/pesmaintenance.fr\/#website"},"primaryImageOfPage":{"@id":"https:\/\/pesmaintenance.fr\/index.php\/plaquette\/#primaryimage"},"image":{"@id":"https:\/\/pesmaintenance.fr\/index.php\/plaquette\/#primaryimage"},"thumbnailUrl":"https:\/\/pesmaintenance.fr\/wp-content\/uploads\/2024\/03\/1-725x1024.jpg","datePublished":"2024-03-15T16:09:29+00:00","dateModified":"2024-03-15T16:12:48+00:00","breadcrumb":{"@id":"https:\/\/pesmaintenance.fr\/index.php\/plaquette\/#breadcrumb"},"inLanguage":"fr-FR","potentialAction":[{"@type":"ReadAction","target":["https:\/\/pesmaintenance.fr\/index.php\/plaquette\/"]}]},{"@type":"ImageObject","inLanguage":"fr-FR","@id":"https:\/\/pesmaintenance.fr\/index.php\/plaquette\/#primaryimage","url":"https:\/\/pesmaintenance.fr\/wp-content\/uploads\/2024\/03\/1.jpg","contentUrl":"https:\/\/pesmaintenance.fr\/wp-content\/uploads\/2024\/03\/1.jpg","width":1166,"height":1647},{"@type":"BreadcrumbList","@id":"https:\/\/pesmaintenance.fr\/index.php\/plaquette\/#breadcrumb","itemListElement":[{"@type":"ListItem","position":1,"name":"Accueil","item":"https:\/\/pesmaintenance.fr\/"},{"@type":"ListItem","position":2,"name":"Plaquette PES"}]},{"@type":"WebSite","@id":"https:\/\/pesmaintenance.fr\/#website","url":"https:\/\/pesmaintenance.fr\/","name":"PES MAINTENANCE","description":"Sp\u00e9cialiste dans la maintenance immobili\u00e8re, solutions d\u00e8s 30\u20ac par mois, d\u00e9ductibles de vos revenus locatifs","potentialAction":[{"@type":"SearchAction","target":{"@type":"EntryPoint","urlTemplate":"https:\/\/pesmaintenance.fr\/?s={search_term_string}"},"query-input":"required name=search_term_string"}],"inLanguage":"fr-FR"}]}},"_links":{"self":[{"href":"https:\/\/pesmaintenance.fr\/index.php\/wp-json\/wp\/v2\/pages\/61","targetHints":{"allow":["GET"]}}],"collection":[{"href":"https:\/\/pesmaintenance.fr\/index.php\/wp-json\/wp\/v2\/pages"}],"about":[{"href":"https:\/\/pesmaintenance.fr\/index.php\/wp-json\/wp\/v2\/types\/page"}],"author":[{"embeddable":true,"href":"https:\/\/pesmaintenance.fr\/index.php\/wp-json\/wp\/v2\/users\/1"}],"replies":[{"embeddable":true,"href":"https:\/\/pesmaintenance.fr\/index.php\/wp-json\/wp\/v2\/comments?post=61"}],"version-history":[{"count":5,"href":"https:\/\/pesmaintenance.fr\/index.php\/wp-json\/wp\/v2\/pages\/61\/revisions"}],"predecessor-version":[{"id":72,"href":"https:\/\/pesmaintenance.fr\/index.php\/wp-json\/wp\/v2\/pages\/61\/revisions\/72"}],"wp:attachment":[{"href":"https:\/\/pesmaintenance.fr\/index.php\/wp-json\/wp\/v2\/media?parent=61"}],"curies":[{"name":"wp","href":"https:\/\/api.w.org\/{rel}","templated":true}]}}